{"id":1723,"date":"2022-12-26T12:48:41","date_gmt":"2022-12-26T12:48:41","guid":{"rendered":"https:\/\/www.skillnetinc.com\/?page_id=1723"},"modified":"2024-08-23T10:50:03","modified_gmt":"2024-08-23T10:50:03","slug":"privacy-policy","status":"publish","type":"page","link":"https:\/\/www.skillnetinc.com\/pt\/privacy-policy\/","title":{"rendered":"Privacy\u00a0Policy"},"content":{"rendered":"<div class=\"wp-block-group alignfull is-layout-flow wp-block-group-is-layout-flow\" style=\"padding-top:0px;padding-right:0px;padding-bottom:0px;padding-left:0px\">\n<div class=\"wp-block-group wow fadeInUp is-layout-flow wp-block-group-is-layout-flow\" style=\"padding-top:2%;padding-right:5%;padding-bottom:2%;padding-left:5%\"><div class=\"breadcrumb\"><a href=\"https:\/\/www.skillnetinc.com\/pt\" rel=\"nofollow\"><img decoding=\"async\" src=\"https:\/\/www.skillnetinc.com\/wp-content\/uploads\/2023\/01\/breadcrumb-icon-1.png\" alt=\"home\"\/><\/a><span>&nbsp;&nbsp;\/&nbsp;&nbsp;<\/span><\/div><\/div>\n\n\n\n<div class=\"wp-block-group wow fadeInUp contentlink is-layout-flow wp-block-group-is-layout-flow\" style=\"border-radius:0px;padding-top:0%;padding-right:5%;padding-bottom:2%;padding-left:5%\">\n<h1 class=\"wp-block-heading has-fontcolor-color has-text-color\" style=\"font-size:1.9rem;font-style:normal;font-weight:600\">Pol\u00edtica de Privacidade<\/h1>\n\n\n\n<p class=\"has-fontcolor-color has-text-color has-small-font-size\">SkillNet Solutions Inc. respects the privacy of the individuals who visit SkillNet Solutions Inc.\u2019s website. In general, individuals visiting SkillNet Solutions Inc.\u2019s website do so anonymously, without revealing any personal information. This Privacy Policy outlines the information SkillNet Solutions Inc. collects, how SkillNet Solutions Inc. collects it, and how SkillNet Solutions Inc. uses it.<\/p>\n\n\n\n<p class=\"has-fontcolor-color has-text-color has-small-font-size\"><strong>Server Log Files<\/strong><\/p>\n\n\n\n<p class=\"has-fontcolor-color has-text-color has-small-font-size\">Like most standard website servers SkillNet Solutions Inc.\u2019s server too uses log files. Log files includes the name of the domain and host from which you access the Internet (for example, google.com); the Internet protocol (IP) address of the computer you are using; the browser software and operating system you use; the date and time you access SkillNet Solutions Inc.\u2019s website; and the Internet address of the website from which you linked directly to SkillNet Solutions Inc.\u2019s site. IP addresses, etc. are not linked to personally identifiable information.<\/p>\n\n\n\n<p class=\"has-fontcolor-color has-text-color has-small-font-size\"><strong>Website Cookies<\/strong><\/p>\n\n\n\n<p class=\"has-fontcolor-color has-text-color has-small-font-size\">\u201cCookies\u201d are small files that a website transfers to your computer\u2019s hard drive. SkillNet Solutions Inc. may use cookies to measure traffic patterns, personalize content, control security and to help SkillNet Solutions Inc. make the site more useful. For example, we may monitor how many times you visit the website, your language preferences, which pages you go to, traffic data, location data and the originating domain name of your internet service provider. Some of this data will be aggregated or statistical, which means that we will not be able to identify you individually. In case you are using a VPN, it may block cookie consent pop-up display. If the cookie consent pop-up is blocked, your VPN setting, browser settings, ISP and other intermediate\u00a0 may or will guide the website behavior and cookie storage in your computer. In such cases SkillNet Solutions Inc. may not be able to provide you with option of accepting or rejecting the cookies.<\/p>\n\n\n\n<p class=\"has-fontcolor-color has-text-color has-small-font-size\">In addition, in order to manage and improve our site, we or our service providers may use cookies or web beacons (electronic images that allow us to count visitors who have accessed a webpage). These tools may or may not identify you personally and allow us to track and analyze aggregated usage data about our Site.\u00a0 This information may be shared on an anonymous aggregated basis with the third-party service providers.<\/p>\n\n\n\n<p class=\"has-fontcolor-color has-text-color has-small-font-size\">You may choose to block or disable cookies from your device using your browser settings or options. However, this may impact your user experience and parts of the Site may not work for you. You cannot remove or block web beacons as they form part of the content of the web pages, however because they work in conjunction with cookies, turning off cookies may or may not prevent web beacons from tracking your user activity on our site. The beacon can still account for an anonymous visit, but your unique information will not be recorded.<\/p>\n\n\n\n<p class=\"has-fontcolor-color has-text-color has-small-font-size\"><strong>Information Collection<\/strong><\/p>\n\n\n\n<p class=\"has-fontcolor-color has-text-color has-small-font-size\">SkillNet Solutions Inc. will not collect any personal information about you (for example, your name, telephone number or e-mail address) unless you voluntarily provide it on any of the forms presented on the website. If you do not want your personal information collected by SkillNet Solutions Inc., please do not submit it. You may supply information to SkillNet Solutions Inc. by responding to online surveys or registration pages, subscribing to newsletters, or sending an e-mail to SkillNet Solutions Inc. Please be aware that by using this website and electronically sending information to SkillNet Solutions Inc. you consent to trans-border transmission of any data that you may choose to supply to SkillNet Solutions Inc. Information transmissions to this site and e-mails sent to SkillNet Solutions Inc. may not be secure. Given the inherent operation and nature of the internet, all internet transmissions are done at your own risk.<\/p>\n\n\n\n<p class=\"has-fontcolor-color has-text-color has-small-font-size\"><strong>Use of Information<\/strong><\/p>\n\n\n\n<p class=\"has-fontcolor-color has-text-color has-small-font-size\">The information SkillNet Solutions Inc. collects is used to improve the content of the website and for other purposes described to you when you voluntarily supply SkillNet Solutions Inc. with information (for example, when requesting a meeting with a SkillNet Solutions Inc. representative). Information collected through this site may be supplied to affiliates of SkillNet Solutions Inc. and other companies SkillNet Solutions Inc. has asked to perform work. Though SkillNet Solutions Inc. endeavor to preserve your privacy, SkillNet Solutions Inc. may be obligated to disclose personal information when required by law or regulation or when SkillNet Solutions Inc. has a good-faith belief that disclosure is necessary to comply with a judicial proceeding, a court order or legal process served. In the event SkillNet Solutions Inc. goes through a corporate change of control, such as a merger, being acquired by another company, or selling a portion of its assets, personal information collected under this policy may be part of the assets transferred. SkillNet Solutions Inc. will not otherwise disclose your personal information to third parties without your permission, and SkillNet Solutions Inc. will take commercially appropriate measures to safeguard the personal information shared with the company.<\/p>\n\n\n\n<p class=\"has-fontcolor-color has-text-color has-small-font-size\"><strong>Opt-out<\/strong><\/p>\n\n\n\n<p class=\"has-fontcolor-color has-text-color has-small-font-size\">If you no longer wish to receive communications from SkillNet Solutions Inc. you may opt-out of receiving these communications by emailing us at email address (<a href=\"mailto:Skillnet.marketing@skillnetinc.com\">skillnet.marketing@skillnetinc.com<\/a>).<\/p>\n\n\n\n<p class=\"has-fontcolor-color has-text-color has-small-font-size\"><strong>Redirection to other websites<\/strong><\/p>\n\n\n\n<p class=\"has-fontcolor-color has-text-color has-small-font-size\">This website may contain links to other websites. SkillNet Solutions Inc. does not have any control over those other websites, so once you have used links to leave our site SkillNet Solutions Inc. cannot be responsible for the protection and privacy of any information you provide while visiting other websites. These other websites are governed by their own privacy policies, not SkillNet Solutions Inc.\u2019s policies and so SkillNet Solutions Inc. suggests you review the privacy policy of any other website you visit.<\/p>\n\n\n\n<p class=\"has-fontcolor-color has-text-color has-small-font-size\"><strong>Updates or changes to privacy policy<\/strong><\/p>\n\n\n\n<p class=\"has-fontcolor-color has-text-color has-small-font-size\">SkillNet Solutions Inc. reserves the right to change the terms of this Privacy Policy from time to time by posting an updated Privacy Policy. You are encouraged to review the posted Privacy Policy periodically for any changes or updates.<\/p>\n<\/div>\n<\/div>\n\n\n\n<div class=\"wp-block-group alignfull has-backgray-background-color has-background is-layout-flow wp-block-group-is-layout-flow\" id=\"talk-to-expert\" style=\"margin-top:0px;margin-bottom:0px;padding-top:5%;padding-right:10%;padding-bottom:5%;padding-left:10%\">\n<div class=\"wp-block-columns are-vertically-aligned-center is-layout-flex wp-container-core-columns-is-layout-28f84493 wp-block-columns-is-layout-flex\">\n<div class=\"wp-block-column is-vertically-aligned-center wow fadeInUp is-layout-flow wp-block-column-is-layout-flow\">\n<h4 class=\"wp-block-heading has-fontcolor-color has-text-color\" style=\"margin-top:0px;margin-right:0px;margin-bottom:0px;margin-left:0px;font-size:1.9rem;font-style:normal;font-weight:600;text-transform:capitalize\">Entre Em Contato Conosco<\/h4>\n\n\n\n<div class=\"wp-block-group is-content-justification-left is-layout-constrained wp-container-core-group-is-layout-655a607c wp-block-group-is-layout-constrained\">\n<p class=\"gtstext has-fontcolor-color has-text-color has-small-font-size\">A SkillNet Solutions, criadora do Modern Commerce, fornece servi\u00e7os de consultoria e tecnologia para empresas que est\u00e3o se transformando digitalmente em empresas de com\u00e9rcio moderno.<\/p>\n<\/div>\n<\/div>\n\n\n\n<div class=\"wp-block-column is-vertically-aligned-center wow fadeInUp is-layout-flow wp-block-column-is-layout-flow\"><div class=\"contact-in\" id=\"applynow\"><form action=\"https:\/\/www.skillnetinc.com\/wp-content\/themes\/skillnet\/mail\/get-in-touch.php\" id=\"gtw\" method=\"post\" data-trp-original-action=\"https:\/\/www.skillnetinc.com\/wp-content\/themes\/skillnet\/mail\/get-in-touch.php\"><input name=\"cthank\" type=\"hidden\" value=\"\" \/><input name=\"firstname\" id=\"fname\" placeholder=\"Primeiro Nome*\"  required onkeypress=\"return 64<event.charCode&#038;&#038;event.charCode<91||96<event.charCode&#038;&#038;event.charCode<123\"> <input name=\"lastname\" id=\"lname\" placeholder=\"Sobrenome*\" required onkeypress=\"return 64<event.charCode&#038;&#038;event.charCode<91||96<event.charCode&#038;&#038;event.charCode<123\"><select name=\"jobtitle\" id=\"fjob\" style=\"width: 100%;    border-right: none;\">\n     <option value=\"\">Job title<\/option>\n    <option value=\"CEO\">CEO<\/option>\n    <option value=\"CFO\">CFO<\/option>\n    <option value=\"CIO\">CIO<\/option>\n    <option value=\"CMO\">CMO<\/option>\n    <option value=\"COO\">COO<\/option>\n    <option value=\"CTO\">CTO<\/option>\n    <option value=\"Executive leadership (EVP, SVP, VP, AVP)\">Executive leadership (EVP, SVP, VP, AVP)<\/option>\n    <option value=\"Digital Director\">Digital Director<\/option>\n    <option value=\"Technology Director\">Technology Director<\/option>\n    <option value=\"Technology Personnel\">Technology Personnel<\/option>\n    <option value=\"Project Manager\">Project Manager<\/option>\n    <option value=\"Purchasing\">Purchasing<\/option>\n    <option value=\"Sales Director \/ Manager\">Sales Director \/ Manager <\/option>\n<option value=\"Partner Director \/ Manager\">Partner Director \/ Manager<\/option>\n<option value=\"Marketing Director\">Marketing Director \/ Manager<\/option>\n<option value=\"Others\">Others<\/option>\n<\/select><input name=\"email\" id=\"femail\" placeholder=\"E-mail Comercial*\" required pattern=\"[a-zA-Z0-9._%+-]+@[a-zA-Z0-9.-]+\\.[a-z]{2,4}$\"> <select class=\"countryCode\" id=\"countryCode1\" name=\"countrycode\"><option data-countrycode=\"US\" value=\"1\">USA (+1)<\/option><\/select><input name=\"phone\" id=\"getinphone\" placeholder=\"Phone\" > <textarea id=\"fmessage\" name=\"message\" placeholder=\"Message\"><\/textarea>  <p style=\"font-size: 1rem;\">By submitting this form I give my consent to SkillNet to use my personal information to send me communications regarding their services, events, trainings, reports and products. For more details, please read our <a href=\"https:\/\/www.skillnetinc.com\/pt\/privacy-policy\/\">Privacy Policy.<\/a><\/p><input name=\"g-recaptcha-response\" id=\"g-recaptcha-response\" class=\"gc\" type=\"hidden\" value=\"\"> <input id=\"sub\" class=\"sembold\" type=\"submit\" value=\"Enviar Mensagem\"> <input name=\"hubspotutk\" value=\"\" type=\"hidden\"> <input name=\"pagetitle\" value=\"Privacy\u00a0Policy\" type=\"hidden\"> <input name=\"dummy\" value=\"\" style=\"display:none\"><input type=\"hidden\" name=\"trp-form-language\" value=\"pt\"\/><\/form><\/div>\n\n\n<\/div>\n<\/div>\n<\/div>","protected":false},"excerpt":{"rendered":"<p>Privacy Policy SkillNet Solutions Inc. respects the privacy of the [&hellip;]<\/p>","protected":false},"author":1,"featured_media":0,"parent":0,"menu_order":0,"comment_status":"closed","ping_status":"closed","template":"","meta":{"_acf_changed":false,"footnotes":""},"class_list":["post-1723","page","type-page","status-publish","hentry"],"acf":[],"yoast_head":"<!-- This site is optimized with the Yoast SEO plugin v26.4 - https:\/\/yoast.com\/wordpress\/plugins\/seo\/ -->\n<title>SkillNet Solutions Privacy Policy<\/title>\n<meta name=\"description\" content=\"SkillNet Solutions Inc. respects the privacy of the individuals who visit SkillNet Solutions Inc.\u2019s website. In general, individuals visiting SkillNet Solutions Inc.\u2019s website do so anonymously, without revealing any personal information. This Privacy Policy outlines the information SkillNet Solutions Inc. collects, how SkillNet Solutions Inc. collects it, and how SkillNet Solutions Inc. uses it.\" \/>\n<meta name=\"robots\" content=\"index, follow, max-snippet:-1, max-image-preview:large, max-video-preview:-1\" \/>\n<link rel=\"canonical\" href=\"https:\/\/www.skillnetinc.com\/pt\/privacy-policy\/\" \/>\n<meta property=\"og:locale\" content=\"pt_BR\" \/>\n<meta property=\"og:type\" content=\"article\" \/>\n<meta property=\"og:title\" content=\"SkillNet Solutions Privacy Policy\" \/>\n<meta property=\"og:description\" content=\"SkillNet Solutions Inc. respects the privacy of the individuals who visit SkillNet Solutions Inc.\u2019s website. In general, individuals visiting SkillNet Solutions Inc.\u2019s website do so anonymously, without revealing any personal information. This Privacy Policy outlines the information SkillNet Solutions Inc. collects, how SkillNet Solutions Inc. collects it, and how SkillNet Solutions Inc. uses it.\" \/>\n<meta property=\"og:url\" content=\"https:\/\/www.skillnetinc.com\/pt\/privacy-policy\/\" \/>\n<meta property=\"og:site_name\" content=\"SkillNet Solutions\" \/>\n<meta property=\"article:modified_time\" content=\"2024-08-23T10:50:03+00:00\" \/>\n<meta name=\"twitter:card\" content=\"summary_large_image\" \/>\n<meta name=\"twitter:label1\" content=\"Est. tempo de leitura\" \/>\n\t<meta name=\"twitter:data1\" content=\"9 minutos\" \/>\n<script type=\"application\/ld+json\" class=\"yoast-schema-graph\">{\"@context\":\"https:\/\/schema.org\",\"@graph\":[{\"@type\":\"WebPage\",\"@id\":\"https:\/\/www.skillnetinc.com\/privacy-policy\/\",\"url\":\"https:\/\/www.skillnetinc.com\/privacy-policy\/\",\"name\":\"SkillNet Solutions Privacy Policy\",\"isPartOf\":{\"@id\":\"https:\/\/www.skillnetinc.com\/#website\"},\"datePublished\":\"2022-12-26T12:48:41+00:00\",\"dateModified\":\"2024-08-23T10:50:03+00:00\",\"description\":\"SkillNet Solutions Inc. respects the privacy of the individuals who visit SkillNet Solutions Inc.\u2019s website. In general, individuals visiting SkillNet Solutions Inc.\u2019s website do so anonymously, without revealing any personal information. This Privacy Policy outlines the information SkillNet Solutions Inc. collects, how SkillNet Solutions Inc. collects it, and how SkillNet Solutions Inc. uses it.\",\"inLanguage\":\"pt-BR\",\"potentialAction\":[{\"@type\":\"ReadAction\",\"target\":[\"https:\/\/www.skillnetinc.com\/privacy-policy\/\"]}]},{\"@type\":\"WebSite\",\"@id\":\"https:\/\/www.skillnetinc.com\/#website\",\"url\":\"https:\/\/www.skillnetinc.com\/\",\"name\":\"SkillNet Solutions\",\"description\":\"Digital Transformation Consulting for enterprises\",\"publisher\":{\"@id\":\"https:\/\/www.skillnetinc.com\/#organization\"},\"potentialAction\":[{\"@type\":\"SearchAction\",\"target\":{\"@type\":\"EntryPoint\",\"urlTemplate\":\"https:\/\/www.skillnetinc.com\/?s={search_term_string}\"},\"query-input\":{\"@type\":\"PropertyValueSpecification\",\"valueRequired\":true,\"valueName\":\"search_term_string\"}}],\"inLanguage\":\"pt-BR\"},{\"@type\":\"Organization\",\"@id\":\"https:\/\/www.skillnetinc.com\/#organization\",\"name\":\"SkillNet Solutions\",\"url\":\"https:\/\/www.skillnetinc.com\/\",\"logo\":{\"@type\":\"ImageObject\",\"inLanguage\":\"pt-BR\",\"@id\":\"https:\/\/www.skillnetinc.com\/#\/schema\/logo\/image\/\",\"url\":\"https:\/\/www.skillnetinc.com\/wp-content\/uploads\/2022\/09\/SkillNet_Logo-Black.png\",\"contentUrl\":\"https:\/\/www.skillnetinc.com\/wp-content\/uploads\/2022\/09\/SkillNet_Logo-Black.png\",\"width\":184,\"height\":48,\"caption\":\"SkillNet Solutions\"},\"image\":{\"@id\":\"https:\/\/www.skillnetinc.com\/#\/schema\/logo\/image\/\"}}]}<\/script>\n<!-- \/ Yoast SEO plugin. -->","yoast_head_json":{"title":"SkillNet Solutions Privacy Policy","description":"SkillNet Solutions Inc. respects the privacy of the individuals who visit SkillNet Solutions Inc.\u2019s website. In general, individuals visiting SkillNet Solutions Inc.\u2019s website do so anonymously, without revealing any personal information. This Privacy Policy outlines the information SkillNet Solutions Inc. collects, how SkillNet Solutions Inc. collects it, and how SkillNet Solutions Inc. uses it.","robots":{"index":"index","follow":"follow","max-snippet":"max-snippet:-1","max-image-preview":"max-image-preview:large","max-video-preview":"max-video-preview:-1"},"canonical":"https:\/\/www.skillnetinc.com\/pt\/privacy-policy\/","og_locale":"pt_BR","og_type":"article","og_title":"SkillNet Solutions Privacy Policy","og_description":"SkillNet Solutions Inc. respects the privacy of the individuals who visit SkillNet Solutions Inc.\u2019s website. In general, individuals visiting SkillNet Solutions Inc.\u2019s website do so anonymously, without revealing any personal information. This Privacy Policy outlines the information SkillNet Solutions Inc. collects, how SkillNet Solutions Inc. collects it, and how SkillNet Solutions Inc. uses it.","og_url":"https:\/\/www.skillnetinc.com\/pt\/privacy-policy\/","og_site_name":"SkillNet Solutions","article_modified_time":"2024-08-23T10:50:03+00:00","twitter_card":"summary_large_image","twitter_misc":{"Est. tempo de leitura":"9 minutos"},"schema":{"@context":"https:\/\/schema.org","@graph":[{"@type":"WebPage","@id":"https:\/\/www.skillnetinc.com\/privacy-policy\/","url":"https:\/\/www.skillnetinc.com\/privacy-policy\/","name":"SkillNet Solutions Privacy Policy","isPartOf":{"@id":"https:\/\/www.skillnetinc.com\/#website"},"datePublished":"2022-12-26T12:48:41+00:00","dateModified":"2024-08-23T10:50:03+00:00","description":"SkillNet Solutions Inc. respects the privacy of the individuals who visit SkillNet Solutions Inc.\u2019s website. In general, individuals visiting SkillNet Solutions Inc.\u2019s website do so anonymously, without revealing any personal information. This Privacy Policy outlines the information SkillNet Solutions Inc. collects, how SkillNet Solutions Inc. collects it, and how SkillNet Solutions Inc. uses it.","inLanguage":"pt-BR","potentialAction":[{"@type":"ReadAction","target":["https:\/\/www.skillnetinc.com\/privacy-policy\/"]}]},{"@type":"WebSite","@id":"https:\/\/www.skillnetinc.com\/#website","url":"https:\/\/www.skillnetinc.com\/","name":"SkillNet Solutions","description":"Digital Transformation Consulting for enterprises","publisher":{"@id":"https:\/\/www.skillnetinc.com\/#organization"},"potentialAction":[{"@type":"SearchAction","target":{"@type":"EntryPoint","urlTemplate":"https:\/\/www.skillnetinc.com\/?s={search_term_string}"},"query-input":{"@type":"PropertyValueSpecification","valueRequired":true,"valueName":"search_term_string"}}],"inLanguage":"pt-BR"},{"@type":"Organization","@id":"https:\/\/www.skillnetinc.com\/#organization","name":"SkillNet Solutions","url":"https:\/\/www.skillnetinc.com\/","logo":{"@type":"ImageObject","inLanguage":"pt-BR","@id":"https:\/\/www.skillnetinc.com\/#\/schema\/logo\/image\/","url":"https:\/\/www.skillnetinc.com\/wp-content\/uploads\/2022\/09\/SkillNet_Logo-Black.png","contentUrl":"https:\/\/www.skillnetinc.com\/wp-content\/uploads\/2022\/09\/SkillNet_Logo-Black.png","width":184,"height":48,"caption":"SkillNet Solutions"},"image":{"@id":"https:\/\/www.skillnetinc.com\/#\/schema\/logo\/image\/"}}]}},"_links":{"self":[{"href":"https:\/\/www.skillnetinc.com\/pt\/wp-json\/wp\/v2\/pages\/1723","targetHints":{"allow":["GET"]}}],"collection":[{"href":"https:\/\/www.skillnetinc.com\/pt\/wp-json\/wp\/v2\/pages"}],"about":[{"href":"https:\/\/www.skillnetinc.com\/pt\/wp-json\/wp\/v2\/types\/page"}],"author":[{"embeddable":true,"href":"https:\/\/www.skillnetinc.com\/pt\/wp-json\/wp\/v2\/users\/1"}],"replies":[{"embeddable":true,"href":"https:\/\/www.skillnetinc.com\/pt\/wp-json\/wp\/v2\/comments?post=1723"}],"version-history":[{"count":5,"href":"https:\/\/www.skillnetinc.com\/pt\/wp-json\/wp\/v2\/pages\/1723\/revisions"}],"predecessor-version":[{"id":10296,"href":"https:\/\/www.skillnetinc.com\/pt\/wp-json\/wp\/v2\/pages\/1723\/revisions\/10296"}],"wp:attachment":[{"href":"https:\/\/www.skillnetinc.com\/pt\/wp-json\/wp\/v2\/media?parent=1723"}],"curies":[{"name":"wp","href":"https:\/\/api.w.org\/{rel}","templated":true}]}}