{"id":10992,"date":"2024-10-18T16:16:52","date_gmt":"2024-10-18T16:16:52","guid":{"rendered":"https:\/\/www.skillnetinc.com\/?page_id=10992"},"modified":"2025-12-18T11:14:12","modified_gmt":"2025-12-18T11:14:12","slug":"prakash-chandra","status":"publish","type":"page","link":"https:\/\/www.skillnetinc.com\/pt\/about-us\/our-team\/prakash-chandra\/","title":{"rendered":"Prakash Chandra"},"content":{"rendered":"<div class=\"wp-block-group alignfull is-layout-flow wp-block-group-is-layout-flow\" style=\"padding-top:0px;padding-right:0px;padding-bottom:0px;padding-left:0px\">\n<div class=\"wp-block-cover\"><span aria-hidden=\"true\" class=\"wp-block-cover__background has-background-dim-0 has-background-dim\"><\/span><img loading=\"lazy\" decoding=\"async\" width=\"1366\" height=\"455\" class=\"wp-block-cover__image-background wp-image-930\" alt=\"Banner image\" src=\"https:\/\/www.skillnetinc.com\/wp-content\/uploads\/2022\/12\/banner-3.jpg\" data-object-fit=\"cover\" srcset=\"https:\/\/www.skillnetinc.com\/wp-content\/uploads\/2022\/12\/banner-3.jpg 1366w, https:\/\/www.skillnetinc.com\/wp-content\/uploads\/2022\/12\/banner-3-300x100.jpg 300w, https:\/\/www.skillnetinc.com\/wp-content\/uploads\/2022\/12\/banner-3-1024x341.jpg 1024w, https:\/\/www.skillnetinc.com\/wp-content\/uploads\/2022\/12\/banner-3-768x256.jpg 768w, https:\/\/www.skillnetinc.com\/wp-content\/uploads\/2022\/12\/banner-3-18x6.jpg 18w\" sizes=\"(max-width: 1366px) 100vw, 1366px\" \/><div class=\"wp-block-cover__inner-container is-layout-flow wp-block-cover-is-layout-flow\">\n<h2 class=\"wp-block-heading has-text-align-center wow fadeInUp has-large-font-size\" style=\"margin-top:0px;margin-right:0px;margin-bottom:0%;margin-left:0px;line-height:1.2;text-transform:capitalize\">Team<\/h2>\n\n\n\n<h3 class=\"wp-block-heading has-text-align-center wow fadeInUp\" style=\"margin-top:0px;margin-right:0px;margin-bottom:2%;margin-left:0px;font-size:3rem;font-style:normal;font-weight:600;text-transform:capitalize\">Our team is an extension of yours<\/h3>\n\n\n\n<p class=\"has-text-align-center has-small-font-size\">Spanning three continents and handling projects in over 63 countries, we deliver modern commerce seamlessly across the world  <\/p>\n<\/div><\/div>\n\n\n\n<div class=\"wp-block-group wow fadeInUp has-backgray-background-color has-background is-layout-flow wp-block-group-is-layout-flow\" style=\"margin-top:0px;margin-bottom:0px;padding-top:2%;padding-right:5%;padding-bottom:2%;padding-left:5%\"><div class=\"breadcrumb\"><a href=\"https:\/\/www.skillnetinc.com\/pt\" rel=\"nofollow\"><img decoding=\"async\" src=\"https:\/\/www.skillnetinc.com\/wp-content\/uploads\/2023\/01\/breadcrumb-icon-1.png\" alt=\"home\"\/><\/a><span>&nbsp;&nbsp;\/&nbsp;&nbsp;<\/span><\/div><\/div>\n\n\n\n<div class=\"wp-block-group contentlink wow fadeInUp has-backgray-background-color has-background is-layout-flow wp-block-group-is-layout-flow\" style=\"margin-top:0px;margin-bottom:0px;padding-top:3%;padding-right:7%;padding-bottom:3%;padding-left:7%\">\n<div class=\"wp-block-columns is-layout-flex wp-container-core-columns-is-layout-aca22cf8 wp-block-columns-is-layout-flex\">\n<div class=\"wp-block-column is-vertically-aligned-top wow fadeInUp teaminner is-layout-flow wp-block-column-is-layout-flow\" style=\"padding-top:0%;padding-right:2%;padding-bottom:0%;padding-left:0%;flex-basis:40%\">\n<figure class=\"wp-block-image alignright size-full has-custom-border\"><img loading=\"lazy\" decoding=\"async\" width=\"250\" height=\"291\" src=\"https:\/\/www.skillnetinc.com\/wp-content\/uploads\/2024\/10\/Prakash-Chandra.png\" alt=\"\" class=\"wp-image-10994\" style=\"border-radius:15px\" srcset=\"https:\/\/www.skillnetinc.com\/wp-content\/uploads\/2024\/10\/Prakash-Chandra.png 250w, https:\/\/www.skillnetinc.com\/wp-content\/uploads\/2024\/10\/Prakash-Chandra-10x12.png 10w\" sizes=\"(max-width: 250px) 100vw, 250px\" \/><\/figure>\n<\/div>\n\n\n\n<div class=\"wp-block-column is-vertically-aligned-top wow fadeInUp teaminnerright is-layout-flow wp-block-column-is-layout-flow\" style=\"padding-top:0%;padding-right:15%;padding-bottom:0%;padding-left:2%\">\n<h1 class=\"wp-block-heading has-fontcolor-color has-text-color\" style=\"margin-top:0px;margin-right:0px;margin-bottom:10px;margin-left:0px;font-size:1.9rem;font-style:normal;font-weight:600\"><strong>Prakash Chandra<\/strong><\/h1>\n\n\n\n<h4 class=\"wp-block-heading teaminline\" style=\"margin-top:0px;margin-right:0px;margin-bottom:0px;margin-left:0px;font-size:1.3rem;line-height:1.5\">Chief Technology Officer | <a href=\"https:\/\/www.linkedin.com\/in\/prakashchandra\/\"><img loading=\"lazy\" decoding=\"async\" width=\"25\" height=\"25\" class=\"wp-image-446\" style=\"width: 25px;\" src=\"https:\/\/www.skillnetinc.com\/wp-content\/uploads\/2022\/10\/linkedin.png\" alt=\"linkedin\" srcset=\"https:\/\/www.skillnetinc.com\/wp-content\/uploads\/2022\/10\/linkedin.png 512w, https:\/\/www.skillnetinc.com\/wp-content\/uploads\/2022\/10\/linkedin-300x300.png 300w, https:\/\/www.skillnetinc.com\/wp-content\/uploads\/2022\/10\/linkedin-150x150.png 150w, https:\/\/www.skillnetinc.com\/wp-content\/uploads\/2022\/10\/linkedin-12x12.png 12w\" sizes=\"(max-width: 25px) 100vw, 25px\" \/><\/a><\/h4>\n\n\n\n<p class=\"has-small-font-size\" style=\"line-height:1.8\">Prakash is a seasoned technology leader with over 28 years of experience in software engineering, specializing in building large-scale, high-performance software products that leverage AI\/ML across industries such as online advertising, affiliate marketing, and edtech. Most recently, he served as Managing Director &amp; CTO at PwC, where he spearheaded the use of Generative AI to create a conversational employee experience platform and a personalized skills assessment solution.<\/p>\n\n\n\n<p class=\"has-small-font-size\" style=\"line-height:1.8\">Prakash holds a Master\u2019s from the University of Illinois and a Bachelor\u2019s from IIT Kanpur. Throughout his career, he has driven innovative technology strategies, optimized cloud operations, and successfully launched AI\/ML modules in various sectors. He has also held senior technology roles at Siemens, AOL, eBay, and VigLink, where he focused on product growth, cost efficiency, and fostering collaborative team cultures.<\/p>\n<\/div>\n<\/div>\n<\/div>\n<\/div>\n\n\n\n<div class=\"wp-block-group alignfull is-layout-constrained wp-block-group-is-layout-constrained\">\n<div class=\"wp-block-group alignfull is-layout-flow wp-block-group-is-layout-flow\" id=\"talk-to-expert\" style=\"margin-top:0px;margin-bottom:0px;padding-top:5%;padding-right:10%;padding-bottom:5%;padding-left:10%\">\n<div class=\"wp-block-columns are-vertically-aligned-center is-layout-flex wp-container-core-columns-is-layout-28f84493 wp-block-columns-is-layout-flex\">\n<div class=\"wp-block-column is-vertically-aligned-center wow fadeInUp is-layout-flow wp-block-column-is-layout-flow\">\n<h4 class=\"wp-block-heading has-fontcolor-color has-text-color\" style=\"margin-top:0px;margin-right:0px;margin-bottom:0px;margin-left:0px;font-size:1.9rem;font-style:normal;font-weight:600;text-transform:capitalize\">Entre Em Contato Conosco<\/h4>\n\n\n\n<div class=\"wp-block-group is-content-justification-left is-layout-constrained wp-container-core-group-is-layout-655a607c wp-block-group-is-layout-constrained\">\n<p class=\"gtstext has-fontcolor-color has-text-color has-small-font-size\">A SkillNet Solutions, criadora do Modern Commerce, fornece servi\u00e7os de consultoria e tecnologia para empresas que est\u00e3o se transformando digitalmente em empresas de com\u00e9rcio moderno.<\/p>\n<\/div>\n<\/div>\n\n\n\n<div class=\"wp-block-column is-vertically-aligned-center wow fadeInUp is-layout-flow wp-block-column-is-layout-flow\"><div class=\"contact-in\" id=\"applynow\"><form action=\"https:\/\/www.skillnetinc.com\/wp-content\/themes\/skillnet\/mail\/get-in-touch.php\" id=\"gtw\" method=\"post\" data-trp-original-action=\"https:\/\/www.skillnetinc.com\/wp-content\/themes\/skillnet\/mail\/get-in-touch.php\"><input name=\"cthank\" type=\"hidden\" value=\"\" \/><input name=\"firstname\" id=\"fname\" placeholder=\"Primeiro Nome*\"  required onkeypress=\"return 64<event.charCode&#038;&#038;event.charCode<91||96<event.charCode&#038;&#038;event.charCode<123\"> <input name=\"lastname\" id=\"lname\" placeholder=\"Sobrenome*\" required onkeypress=\"return 64<event.charCode&#038;&#038;event.charCode<91||96<event.charCode&#038;&#038;event.charCode<123\"><select name=\"jobtitle\" id=\"fjob\" style=\"width: 100%;    border-right: none;\">\n     <option value=\"\">Job title<\/option>\n    <option value=\"CEO\">CEO<\/option>\n    <option value=\"CFO\">CFO<\/option>\n    <option value=\"CIO\">CIO<\/option>\n    <option value=\"CMO\">CMO<\/option>\n    <option value=\"COO\">COO<\/option>\n    <option value=\"CTO\">CTO<\/option>\n    <option value=\"Executive leadership (EVP, SVP, VP, AVP)\">Executive leadership (EVP, SVP, VP, AVP)<\/option>\n    <option value=\"Digital Director\">Digital Director<\/option>\n    <option value=\"Technology Director\">Technology Director<\/option>\n    <option value=\"Technology Personnel\">Technology Personnel<\/option>\n    <option value=\"Project Manager\">Project Manager<\/option>\n    <option value=\"Purchasing\">Purchasing<\/option>\n    <option value=\"Sales Director \/ Manager\">Sales Director \/ Manager <\/option>\n<option value=\"Partner Director \/ Manager\">Partner Director \/ Manager<\/option>\n<option value=\"Marketing Director\">Marketing Director \/ Manager<\/option>\n<option value=\"Others\">Others<\/option>\n<\/select><input name=\"email\" id=\"femail\" placeholder=\"E-mail Comercial*\" required pattern=\"[a-zA-Z0-9._%+-]+@[a-zA-Z0-9.-]+\\.[a-z]{2,4}$\"> <select class=\"countryCode\" id=\"countryCode1\" name=\"countrycode\"><option data-countrycode=\"US\" value=\"1\">USA (+1)<\/option><\/select><input name=\"phone\" id=\"getinphone\" placeholder=\"Phone\" > <textarea id=\"fmessage\" name=\"message\" placeholder=\"Message\"><\/textarea>  <p style=\"font-size: 1rem;\">By submitting this form I give my consent to SkillNet to use my personal information to send me communications regarding their services, events, trainings, reports and products. For more details, please read our <a href=\"https:\/\/www.skillnetinc.com\/pt\/privacy-policy\/\">Privacy Policy.<\/a><\/p><input name=\"g-recaptcha-response\" id=\"g-recaptcha-response\" class=\"gc\" type=\"hidden\" value=\"\"> <input id=\"sub\" class=\"sembold\" type=\"submit\" value=\"Enviar Mensagem\"> <input name=\"hubspotutk\" value=\"\" type=\"hidden\"> <input name=\"pagetitle\" value=\"Prakash Chandra\" type=\"hidden\"> <input name=\"dummy\" value=\"\" style=\"display:none\"><input type=\"hidden\" name=\"trp-form-language\" value=\"pt\"\/><\/form><\/div>\n\n\n<\/div>\n<\/div>\n<\/div>\n<\/div>","protected":false},"excerpt":{"rendered":"<p>Prakash Chandra Chief Technology Officer | Prakash is a seasoned [&hellip;]<\/p>","protected":false},"author":15,"featured_media":0,"parent":393,"menu_order":0,"comment_status":"closed","ping_status":"closed","template":"","meta":{"_acf_changed":false,"footnotes":""},"class_list":["post-10992","page","type-page","status-publish","hentry"],"acf":[],"yoast_head":"<!-- This site is optimized with the Yoast SEO plugin v26.4 - https:\/\/yoast.com\/wordpress\/plugins\/seo\/ -->\n<title>Prakash Chandra - SkillNet Solutions<\/title>\n<meta name=\"robots\" content=\"index, follow, max-snippet:-1, max-image-preview:large, max-video-preview:-1\" \/>\n<link rel=\"canonical\" href=\"https:\/\/www.skillnetinc.com\/pt\/about-us\/our-team\/prakash-chandra\/\" \/>\n<meta property=\"og:locale\" content=\"pt_BR\" \/>\n<meta property=\"og:type\" content=\"article\" \/>\n<meta property=\"og:title\" content=\"Prakash Chandra - SkillNet Solutions\" \/>\n<meta property=\"og:description\" content=\"Prakash Chandra Chief Technology Officer | Prakash is a seasoned [&hellip;]\" \/>\n<meta property=\"og:url\" content=\"https:\/\/www.skillnetinc.com\/pt\/about-us\/our-team\/prakash-chandra\/\" \/>\n<meta property=\"og:site_name\" content=\"SkillNet Solutions\" \/>\n<meta property=\"article:modified_time\" content=\"2025-12-18T11:14:12+00:00\" \/>\n<meta property=\"og:image\" content=\"https:\/\/www.skillnetinc.com\/wp-content\/uploads\/2022\/12\/banner-3.jpg\" \/>\n\t<meta property=\"og:image:width\" content=\"1366\" \/>\n\t<meta property=\"og:image:height\" content=\"455\" \/>\n\t<meta property=\"og:image:type\" content=\"image\/jpeg\" \/>\n<meta name=\"twitter:card\" content=\"summary_large_image\" \/>\n<meta name=\"twitter:label1\" content=\"Est. tempo de leitura\" \/>\n\t<meta name=\"twitter:data1\" content=\"2 minutos\" \/>\n<script type=\"application\/ld+json\" class=\"yoast-schema-graph\">{\"@context\":\"https:\/\/schema.org\",\"@graph\":[{\"@type\":\"WebPage\",\"@id\":\"https:\/\/www.skillnetinc.com\/about-us\/our-team\/prakash-chandra\/\",\"url\":\"https:\/\/www.skillnetinc.com\/about-us\/our-team\/prakash-chandra\/\",\"name\":\"Prakash Chandra - SkillNet Solutions\",\"isPartOf\":{\"@id\":\"https:\/\/www.skillnetinc.com\/#website\"},\"primaryImageOfPage\":{\"@id\":\"https:\/\/www.skillnetinc.com\/about-us\/our-team\/prakash-chandra\/#primaryimage\"},\"image\":{\"@id\":\"https:\/\/www.skillnetinc.com\/about-us\/our-team\/prakash-chandra\/#primaryimage\"},\"thumbnailUrl\":\"https:\/\/www.skillnetinc.com\/wp-content\/uploads\/2022\/12\/banner-3.jpg\",\"datePublished\":\"2024-10-18T16:16:52+00:00\",\"dateModified\":\"2025-12-18T11:14:12+00:00\",\"breadcrumb\":{\"@id\":\"https:\/\/www.skillnetinc.com\/about-us\/our-team\/prakash-chandra\/#breadcrumb\"},\"inLanguage\":\"pt-BR\",\"potentialAction\":[{\"@type\":\"ReadAction\",\"target\":[\"https:\/\/www.skillnetinc.com\/about-us\/our-team\/prakash-chandra\/\"]}]},{\"@type\":\"ImageObject\",\"inLanguage\":\"pt-BR\",\"@id\":\"https:\/\/www.skillnetinc.com\/about-us\/our-team\/prakash-chandra\/#primaryimage\",\"url\":\"https:\/\/www.skillnetinc.com\/wp-content\/uploads\/2022\/12\/banner-3.jpg\",\"contentUrl\":\"https:\/\/www.skillnetinc.com\/wp-content\/uploads\/2022\/12\/banner-3.jpg\"},{\"@type\":\"BreadcrumbList\",\"@id\":\"https:\/\/www.skillnetinc.com\/about-us\/our-team\/prakash-chandra\/#breadcrumb\",\"itemListElement\":[{\"@type\":\"ListItem\",\"position\":1,\"name\":\"About Us\",\"item\":\"https:\/\/www.skillnetinc.com\/about-us\/\"},{\"@type\":\"ListItem\",\"position\":2,\"name\":\"Our Team\",\"item\":\"https:\/\/www.skillnetinc.com\/about-us\/our-team\/\"},{\"@type\":\"ListItem\",\"position\":3,\"name\":\"Prakash Chandra\"}]},{\"@type\":\"WebSite\",\"@id\":\"https:\/\/www.skillnetinc.com\/#website\",\"url\":\"https:\/\/www.skillnetinc.com\/\",\"name\":\"SkillNet Solutions\",\"description\":\"Digital Transformation Consulting for enterprises\",\"publisher\":{\"@id\":\"https:\/\/www.skillnetinc.com\/#organization\"},\"potentialAction\":[{\"@type\":\"SearchAction\",\"target\":{\"@type\":\"EntryPoint\",\"urlTemplate\":\"https:\/\/www.skillnetinc.com\/?s={search_term_string}\"},\"query-input\":{\"@type\":\"PropertyValueSpecification\",\"valueRequired\":true,\"valueName\":\"search_term_string\"}}],\"inLanguage\":\"pt-BR\"},{\"@type\":\"Organization\",\"@id\":\"https:\/\/www.skillnetinc.com\/#organization\",\"name\":\"SkillNet Solutions\",\"url\":\"https:\/\/www.skillnetinc.com\/\",\"logo\":{\"@type\":\"ImageObject\",\"inLanguage\":\"pt-BR\",\"@id\":\"https:\/\/www.skillnetinc.com\/#\/schema\/logo\/image\/\",\"url\":\"https:\/\/www.skillnetinc.com\/wp-content\/uploads\/2022\/09\/SkillNet_Logo-Black.png\",\"contentUrl\":\"https:\/\/www.skillnetinc.com\/wp-content\/uploads\/2022\/09\/SkillNet_Logo-Black.png\",\"width\":184,\"height\":48,\"caption\":\"SkillNet Solutions\"},\"image\":{\"@id\":\"https:\/\/www.skillnetinc.com\/#\/schema\/logo\/image\/\"}}]}<\/script>\n<!-- \/ Yoast SEO plugin. -->","yoast_head_json":{"title":"Prakash Chandra - SkillNet Solutions","robots":{"index":"index","follow":"follow","max-snippet":"max-snippet:-1","max-image-preview":"max-image-preview:large","max-video-preview":"max-video-preview:-1"},"canonical":"https:\/\/www.skillnetinc.com\/pt\/about-us\/our-team\/prakash-chandra\/","og_locale":"pt_BR","og_type":"article","og_title":"Prakash Chandra - SkillNet Solutions","og_description":"Prakash Chandra Chief Technology Officer | Prakash is a seasoned [&hellip;]","og_url":"https:\/\/www.skillnetinc.com\/pt\/about-us\/our-team\/prakash-chandra\/","og_site_name":"SkillNet Solutions","article_modified_time":"2025-12-18T11:14:12+00:00","og_image":[{"width":1366,"height":455,"url":"https:\/\/www.skillnetinc.com\/wp-content\/uploads\/2022\/12\/banner-3.jpg","type":"image\/jpeg"}],"twitter_card":"summary_large_image","twitter_misc":{"Est. tempo de leitura":"2 minutos"},"schema":{"@context":"https:\/\/schema.org","@graph":[{"@type":"WebPage","@id":"https:\/\/www.skillnetinc.com\/about-us\/our-team\/prakash-chandra\/","url":"https:\/\/www.skillnetinc.com\/about-us\/our-team\/prakash-chandra\/","name":"Prakash Chandra - SkillNet Solutions","isPartOf":{"@id":"https:\/\/www.skillnetinc.com\/#website"},"primaryImageOfPage":{"@id":"https:\/\/www.skillnetinc.com\/about-us\/our-team\/prakash-chandra\/#primaryimage"},"image":{"@id":"https:\/\/www.skillnetinc.com\/about-us\/our-team\/prakash-chandra\/#primaryimage"},"thumbnailUrl":"https:\/\/www.skillnetinc.com\/wp-content\/uploads\/2022\/12\/banner-3.jpg","datePublished":"2024-10-18T16:16:52+00:00","dateModified":"2025-12-18T11:14:12+00:00","breadcrumb":{"@id":"https:\/\/www.skillnetinc.com\/about-us\/our-team\/prakash-chandra\/#breadcrumb"},"inLanguage":"pt-BR","potentialAction":[{"@type":"ReadAction","target":["https:\/\/www.skillnetinc.com\/about-us\/our-team\/prakash-chandra\/"]}]},{"@type":"ImageObject","inLanguage":"pt-BR","@id":"https:\/\/www.skillnetinc.com\/about-us\/our-team\/prakash-chandra\/#primaryimage","url":"https:\/\/www.skillnetinc.com\/wp-content\/uploads\/2022\/12\/banner-3.jpg","contentUrl":"https:\/\/www.skillnetinc.com\/wp-content\/uploads\/2022\/12\/banner-3.jpg"},{"@type":"BreadcrumbList","@id":"https:\/\/www.skillnetinc.com\/about-us\/our-team\/prakash-chandra\/#breadcrumb","itemListElement":[{"@type":"ListItem","position":1,"name":"About Us","item":"https:\/\/www.skillnetinc.com\/about-us\/"},{"@type":"ListItem","position":2,"name":"Our Team","item":"https:\/\/www.skillnetinc.com\/about-us\/our-team\/"},{"@type":"ListItem","position":3,"name":"Prakash Chandra"}]},{"@type":"WebSite","@id":"https:\/\/www.skillnetinc.com\/#website","url":"https:\/\/www.skillnetinc.com\/","name":"SkillNet Solutions","description":"Digital Transformation Consulting for enterprises","publisher":{"@id":"https:\/\/www.skillnetinc.com\/#organization"},"potentialAction":[{"@type":"SearchAction","target":{"@type":"EntryPoint","urlTemplate":"https:\/\/www.skillnetinc.com\/?s={search_term_string}"},"query-input":{"@type":"PropertyValueSpecification","valueRequired":true,"valueName":"search_term_string"}}],"inLanguage":"pt-BR"},{"@type":"Organization","@id":"https:\/\/www.skillnetinc.com\/#organization","name":"SkillNet Solutions","url":"https:\/\/www.skillnetinc.com\/","logo":{"@type":"ImageObject","inLanguage":"pt-BR","@id":"https:\/\/www.skillnetinc.com\/#\/schema\/logo\/image\/","url":"https:\/\/www.skillnetinc.com\/wp-content\/uploads\/2022\/09\/SkillNet_Logo-Black.png","contentUrl":"https:\/\/www.skillnetinc.com\/wp-content\/uploads\/2022\/09\/SkillNet_Logo-Black.png","width":184,"height":48,"caption":"SkillNet Solutions"},"image":{"@id":"https:\/\/www.skillnetinc.com\/#\/schema\/logo\/image\/"}}]}},"_links":{"self":[{"href":"https:\/\/www.skillnetinc.com\/pt\/wp-json\/wp\/v2\/pages\/10992","targetHints":{"allow":["GET"]}}],"collection":[{"href":"https:\/\/www.skillnetinc.com\/pt\/wp-json\/wp\/v2\/pages"}],"about":[{"href":"https:\/\/www.skillnetinc.com\/pt\/wp-json\/wp\/v2\/types\/page"}],"author":[{"embeddable":true,"href":"https:\/\/www.skillnetinc.com\/pt\/wp-json\/wp\/v2\/users\/15"}],"replies":[{"embeddable":true,"href":"https:\/\/www.skillnetinc.com\/pt\/wp-json\/wp\/v2\/comments?post=10992"}],"version-history":[{"count":3,"href":"https:\/\/www.skillnetinc.com\/pt\/wp-json\/wp\/v2\/pages\/10992\/revisions"}],"predecessor-version":[{"id":13015,"href":"https:\/\/www.skillnetinc.com\/pt\/wp-json\/wp\/v2\/pages\/10992\/revisions\/13015"}],"up":[{"embeddable":true,"href":"https:\/\/www.skillnetinc.com\/pt\/wp-json\/wp\/v2\/pages\/393"}],"wp:attachment":[{"href":"https:\/\/www.skillnetinc.com\/pt\/wp-json\/wp\/v2\/media?parent=10992"}],"curies":[{"name":"wp","href":"https:\/\/api.w.org\/{rel}","templated":true}]}}