{"id":10088,"date":"2024-04-12T06:18:59","date_gmt":"2024-04-12T06:18:59","guid":{"rendered":"https:\/\/www.skillnetinc.com\/?page_id=10088"},"modified":"2024-05-16T08:24:12","modified_gmt":"2024-05-16T08:24:12","slug":"adyen-integration-solutions","status":"publish","type":"page","link":"https:\/\/www.skillnetinc.com\/pt\/services\/omnichannel-and-stores\/pos-modernization\/pos-payment-systems\/adyen-integration-solutions\/","title":{"rendered":"Adyen Integration Solutions"},"content":{"rendered":"<div class=\"wp-block-cover alignfull is-light has-custom-content-position is-position-bottom-center\"><span aria-hidden=\"true\" class=\"wp-block-cover__background has-background-dim-30 has-background-dim\"><\/span><img loading=\"lazy\" decoding=\"async\" width=\"1366\" height=\"455\" class=\"wp-block-cover__image-background wp-image-10090\" alt=\"\" src=\"https:\/\/www.skillnetinc.com\/wp-content\/uploads\/2024\/04\/JNI-to-OPI.webp\" data-object-fit=\"cover\" srcset=\"https:\/\/www.skillnetinc.com\/wp-content\/uploads\/2024\/04\/JNI-to-OPI.webp 1366w, https:\/\/www.skillnetinc.com\/wp-content\/uploads\/2024\/04\/JNI-to-OPI-300x100.webp 300w, https:\/\/www.skillnetinc.com\/wp-content\/uploads\/2024\/04\/JNI-to-OPI-1024x341.webp 1024w, https:\/\/www.skillnetinc.com\/wp-content\/uploads\/2024\/04\/JNI-to-OPI-768x256.webp 768w, https:\/\/www.skillnetinc.com\/wp-content\/uploads\/2024\/04\/JNI-to-OPI-18x6.webp 18w\" sizes=\"(max-width: 1366px) 100vw, 1366px\" \/><div class=\"wp-block-cover__inner-container is-layout-flow wp-block-cover-is-layout-flow\">\n<h2 class=\"wp-block-heading has-text-align-center wow fadeInUp has-background-color has-text-color has-link-color has-large-font-size wp-elements-679e112a01e637c283dd5ba84578e3cc\" style=\"margin-top:0px;margin-right:0px;margin-bottom:0%;margin-left:0px;line-height:1.2\">omnicanal e lojas<\/h2>\n\n\n\n<h1 class=\"wp-block-heading has-text-align-center wow fadeInUp has-background-color has-text-color has-link-color wp-elements-24ce39553799deb247132996cc99336c\" style=\"margin-top:0px;margin-right:0px;margin-bottom:2%;margin-left:0px;font-size:3rem;font-style:normal;font-weight:600\"><strong>POS Payment Systems \u2013 Adyen Integration Solutions<\/strong><\/h1>\n\n\n<a class=\"talkcssw\" href=\"https:\/\/www.skillnetinc.com\/pt\/wp-json\/wp\/v2\/pages\/10088\/#talk-to-expert\">Fale com um Especialista<\/a>\n\n\n\n<div class=\"wp-block-group is-layout-constrained wp-container-core-group-is-layout-379a4961 wp-block-group-is-layout-constrained\" style=\"padding-top:5%;padding-right:0%;padding-bottom:0%;padding-left:0%\">\n<figure class=\"wp-block-image aligncenter size-full is-resized\"><img loading=\"lazy\" decoding=\"async\" width=\"800\" height=\"259\" src=\"https:\/\/www.skillnetinc.com\/wp-content\/uploads\/2024\/04\/Adyen_logo_JNI-to-OPI.png\" alt=\"\" class=\"wp-image-10094\" style=\"width:142px;height:auto\" srcset=\"https:\/\/www.skillnetinc.com\/wp-content\/uploads\/2024\/04\/Adyen_logo_JNI-to-OPI.png 800w, https:\/\/www.skillnetinc.com\/wp-content\/uploads\/2024\/04\/Adyen_logo_JNI-to-OPI-300x97.png 300w, https:\/\/www.skillnetinc.com\/wp-content\/uploads\/2024\/04\/Adyen_logo_JNI-to-OPI-768x249.png 768w, https:\/\/www.skillnetinc.com\/wp-content\/uploads\/2024\/04\/Adyen_logo_JNI-to-OPI-18x6.png 18w\" sizes=\"(max-width: 800px) 100vw, 800px\" \/><\/figure>\n<\/div>\n<\/div><\/div>\n\n\n\n<div class=\"wp-block-group alignfull wow fadeInUp is-layout-flow wp-block-group-is-layout-flow\" style=\"padding-top:2%;padding-right:5%;padding-bottom:2%;padding-left:5%\"><div class=\"breadcrumb\"><a href=\"https:\/\/www.skillnetinc.com\/pt\" rel=\"nofollow\"><img decoding=\"async\" src=\"https:\/\/www.skillnetinc.com\/wp-content\/uploads\/2023\/01\/breadcrumb-icon-1.png\" alt=\"home\"\/><\/a><span>&nbsp;&nbsp;\/&nbsp;&nbsp;<\/span><\/div><\/div>\n\n\n\n<div class=\"wp-block-group alignfull contentlink wow fadeInUp has-backgray-background-color has-background is-layout-flow wp-block-group-is-layout-flow\" style=\"padding-top:2%;padding-right:5%;padding-bottom:2%;padding-left:5%\">\n<div class=\"wp-block-columns is-layout-flex wp-container-core-columns-is-layout-28f84493 wp-block-columns-is-layout-flex\">\n<div class=\"wp-block-column is-vertically-aligned-center wow fadeInUp is-layout-flow wp-block-column-is-layout-flow\">\n<h2 class=\"wp-block-heading has-fontcolor-color has-text-color\" style=\"font-size:1.9rem;font-style:normal;font-weight:600;text-transform:capitalize\">Optimizing Adyen Integration: Transitioning from JNI to OPI<\/h2>\n\n\n\n<p class=\"has-fontcolor-color has-text-color has-link-color has-small-font-size wp-elements-b2b8e10b0112b734969bea57dcc44da3\">Adyen Payment integration has traditionally relied on Java Native Interface (JNI) libraries, also known as classic API integration. However, Adyen has deprecated the classic API integration in favor of Terminal APIs. For Oracle Payment Interface (OPI) they have provided an EFTLink compatible core that operates using Terminal APIs. This means that Oracle Xstore can seamlessly communicate with Adyen via EFTLink using Terminal APIs.<\/p>\n\n\n\n<p class=\"has-fontcolor-color has-text-color has-link-color has-small-font-size wp-elements-017de9f133d544f7b09fa751a83590c9\">Through Terminal APIs, Adyen offers additional functionalities for retailers to consider implementing during the migration process. These functionalities encompass features such as<\/p>\n\n\n\n<ul class=\"arrowlist has-fontcolor-color has-text-color has-link-color wp-block-list wp-elements-73e027da85f8496856228f379d19247f\">\n<li class=\"has-small-font-size\">Buy Now, Pay Later<\/li>\n\n\n\n<li class=\"has-small-font-size\">various Wallet Payments Flows (including AliPay and WeChat)<\/li>\n\n\n\n<li class=\"has-small-font-size\">Tokenization<\/li>\n\n\n\n<li class=\"has-small-font-size\">Custom Forms<\/li>\n\n\n\n<li class=\"has-small-font-size\">Pay By Link<\/li>\n<\/ul>\n<\/div>\n\n\n\n<div class=\"wp-block-column is-vertically-aligned-center wow fadeInUp is-layout-flow wp-block-column-is-layout-flow\">\n<p class=\"has-fontcolor-color has-text-color has-link-color has-small-font-size wp-elements-445f5a7e77acd8dbcc34524c8931ad54\">Given that the old interface is deprecated and support has ended, retailers will have to migrate from the classic library to Terminal API. This pivotal transition requires an update for all enterprises currently utilizing the Adyen Payment solution. SkillNet has partnered with several retailers to ease the transition from Adyen&#8217;s traditional JNI library solution to Terminal API, guaranteeing a seamless integration process.<\/p>\n\n\n\n<p class=\"has-fontcolor-color has-text-color has-link-color has-small-font-size wp-elements-9d7250e19754f696da489dc491481b40\">Leveraging the insights gained from these engagements, SkillNet has developed a comprehensive migration framework designed to assist enterprises in efficiently transitioning from JNI to OPI. This framework aims to facilitate quick migration, minimizing any disruptions to customers&#8217; payment experiences.<\/p>\n\n\n\n<p class=\"has-fontcolor-color has-text-color has-link-color has-small-font-size wp-elements-6399c6b4484a20390e37cf46331d0b7f\">Looking for help with your JNI to OPI migration? <a href=\"https:\/\/www.skillnetinc.com\/pt\/contact-us\/\">Entre em Contato!<\/a><\/p>\n<\/div>\n<\/div>\n<\/div>\n\n\n\n<div class=\"wp-block-group alignfull is-layout-constrained wp-block-group-is-layout-constrained\">\n<div class=\"wp-block-group alignfull is-layout-flow wp-block-group-is-layout-flow\" id=\"talk-to-expert\" style=\"margin-top:0px;margin-bottom:0px;padding-top:5%;padding-right:10%;padding-bottom:5%;padding-left:10%\">\n<div class=\"wp-block-columns are-vertically-aligned-center is-layout-flex wp-container-core-columns-is-layout-28f84493 wp-block-columns-is-layout-flex\">\n<div class=\"wp-block-column is-vertically-aligned-center wow fadeInUp is-layout-flow wp-block-column-is-layout-flow\">\n<h4 class=\"wp-block-heading has-fontcolor-color has-text-color\" style=\"margin-top:0px;margin-right:0px;margin-bottom:0px;margin-left:0px;font-size:1.9rem;font-style:normal;font-weight:600;text-transform:capitalize\">Entre Em Contato Conosco<\/h4>\n\n\n\n<div class=\"wp-block-group is-content-justification-left is-layout-constrained wp-container-core-group-is-layout-655a607c wp-block-group-is-layout-constrained\">\n<p class=\"gtstext has-fontcolor-color has-text-color has-small-font-size\">A SkillNet Solutions, criadora do Modern Commerce, fornece servi\u00e7os de consultoria e tecnologia para empresas que est\u00e3o se transformando digitalmente em empresas de com\u00e9rcio moderno.<\/p>\n<\/div>\n<\/div>\n\n\n\n<div class=\"wp-block-column is-vertically-aligned-center wow fadeInUp is-layout-flow wp-block-column-is-layout-flow\"><div class=\"contact-in\" id=\"applynow\"><form action=\"https:\/\/www.skillnetinc.com\/wp-content\/themes\/skillnet\/mail\/get-in-touch.php\" id=\"gtw\" method=\"post\" data-trp-original-action=\"https:\/\/www.skillnetinc.com\/wp-content\/themes\/skillnet\/mail\/get-in-touch.php\"><input name=\"cthank\" type=\"hidden\" value=\"\" \/><input name=\"firstname\" id=\"fname\" placeholder=\"Primeiro Nome*\"  required onkeypress=\"return 64<event.charCode&#038;&#038;event.charCode<91||96<event.charCode&#038;&#038;event.charCode<123\"> <input name=\"lastname\" id=\"lname\" placeholder=\"Sobrenome*\" required onkeypress=\"return 64<event.charCode&#038;&#038;event.charCode<91||96<event.charCode&#038;&#038;event.charCode<123\"><select name=\"jobtitle\" id=\"fjob\" style=\"width: 100%;    border-right: none;\">\n     <option value=\"\">Job title<\/option>\n    <option value=\"CEO\">CEO<\/option>\n    <option value=\"CFO\">CFO<\/option>\n    <option value=\"CIO\">CIO<\/option>\n    <option value=\"CMO\">CMO<\/option>\n    <option value=\"COO\">COO<\/option>\n    <option value=\"CTO\">CTO<\/option>\n    <option value=\"Executive leadership (EVP, SVP, VP, AVP)\">Executive leadership (EVP, SVP, VP, AVP)<\/option>\n    <option value=\"Digital Director\">Digital Director<\/option>\n    <option value=\"Technology Director\">Technology Director<\/option>\n    <option value=\"Technology Personnel\">Technology Personnel<\/option>\n    <option value=\"Project Manager\">Project Manager<\/option>\n    <option value=\"Purchasing\">Purchasing<\/option>\n    <option value=\"Sales Director \/ Manager\">Sales Director \/ Manager <\/option>\n<option value=\"Partner Director \/ Manager\">Partner Director \/ Manager<\/option>\n<option value=\"Marketing Director\">Marketing Director \/ Manager<\/option>\n<option value=\"Others\">Others<\/option>\n<\/select><input name=\"email\" id=\"femail\" placeholder=\"E-mail Comercial*\" required pattern=\"[a-zA-Z0-9._%+-]+@[a-zA-Z0-9.-]+\\.[a-z]{2,4}$\"> <select class=\"countryCode\" id=\"countryCode1\" name=\"countrycode\"><option data-countrycode=\"US\" value=\"1\">USA (+1)<\/option><\/select><input name=\"phone\" id=\"getinphone\" placeholder=\"Phone\" > <textarea id=\"fmessage\" name=\"message\" placeholder=\"Message\"><\/textarea>  <p style=\"font-size: 1rem;\">By submitting this form I give my consent to SkillNet to use my personal information to send me communications regarding their services, events, trainings, reports and products. For more details, please read our <a href=\"https:\/\/www.skillnetinc.com\/pt\/privacy-policy\/\">Privacy Policy.<\/a><\/p><input name=\"g-recaptcha-response\" id=\"g-recaptcha-response\" class=\"gc\" type=\"hidden\" value=\"\"> <input id=\"sub\" class=\"sembold\" type=\"submit\" value=\"Enviar Mensagem\"> <input name=\"hubspotutk\" value=\"\" type=\"hidden\"> <input name=\"pagetitle\" value=\"Adyen Integration Solutions\" type=\"hidden\"> <input name=\"dummy\" value=\"\" style=\"display:none\"><input type=\"hidden\" name=\"trp-form-language\" value=\"pt\"\/><\/form><\/div>\n\n\n<\/div>\n<\/div>\n<\/div>\n<\/div>","protected":false},"excerpt":{"rendered":"<p>Optimizing Adyen Integration: Transitioning from JNI to OPI Adyen Payment [&hellip;]<\/p>","protected":false},"author":15,"featured_media":0,"parent":8938,"menu_order":0,"comment_status":"closed","ping_status":"closed","template":"","meta":{"_acf_changed":false,"footnotes":""},"class_list":["post-10088","page","type-page","status-publish","hentry"],"acf":[],"yoast_head":"<!-- This site is optimized with the Yoast SEO plugin v26.4 - https:\/\/yoast.com\/wordpress\/plugins\/seo\/ -->\n<title>Seamless Adyen Payment Integration: Elevate Your POS System<\/title>\n<meta name=\"description\" content=\"Optimize your retail payment experience with Adyen Integration Solutions. Our expertise in POS modernization ensures a seamless, secure, &amp; compliant payment process\" \/>\n<meta name=\"robots\" content=\"index, follow, max-snippet:-1, max-image-preview:large, max-video-preview:-1\" \/>\n<link rel=\"canonical\" href=\"https:\/\/www.skillnetinc.com\/pt\/services\/omnichannel-and-stores\/pos-modernization\/pos-payment-systems\/adyen-integration-solutions\/\" \/>\n<meta property=\"og:locale\" content=\"pt_BR\" \/>\n<meta property=\"og:type\" content=\"article\" \/>\n<meta property=\"og:title\" content=\"Seamless Adyen Payment Integration: Elevate Your POS System\" \/>\n<meta property=\"og:description\" content=\"Optimize your retail payment experience with Adyen Integration Solutions. Our expertise in POS modernization ensures a seamless, secure, &amp; compliant payment process\" \/>\n<meta property=\"og:url\" content=\"https:\/\/www.skillnetinc.com\/pt\/services\/omnichannel-and-stores\/pos-modernization\/pos-payment-systems\/adyen-integration-solutions\/\" \/>\n<meta property=\"og:site_name\" content=\"SkillNet Solutions\" \/>\n<meta property=\"article:modified_time\" content=\"2024-05-16T08:24:12+00:00\" \/>\n<meta property=\"og:image\" content=\"https:\/\/www.skillnetinc.com\/wp-content\/uploads\/2024\/04\/JNI-to-OPI.webp\" \/>\n<meta name=\"twitter:card\" content=\"summary_large_image\" \/>\n<meta name=\"twitter:label1\" content=\"Est. tempo de leitura\" \/>\n\t<meta name=\"twitter:data1\" content=\"2 minutos\" \/>\n<script type=\"application\/ld+json\" class=\"yoast-schema-graph\">{\"@context\":\"https:\/\/schema.org\",\"@graph\":[{\"@type\":\"WebPage\",\"@id\":\"https:\/\/www.skillnetinc.com\/services\/omnichannel-and-stores\/pos-modernization\/pos-payment-systems\/adyen-integration-solutions\/\",\"url\":\"https:\/\/www.skillnetinc.com\/services\/omnichannel-and-stores\/pos-modernization\/pos-payment-systems\/adyen-integration-solutions\/\",\"name\":\"Seamless Adyen Payment Integration: Elevate Your POS System\",\"isPartOf\":{\"@id\":\"https:\/\/www.skillnetinc.com\/#website\"},\"primaryImageOfPage\":{\"@id\":\"https:\/\/www.skillnetinc.com\/services\/omnichannel-and-stores\/pos-modernization\/pos-payment-systems\/adyen-integration-solutions\/#primaryimage\"},\"image\":{\"@id\":\"https:\/\/www.skillnetinc.com\/services\/omnichannel-and-stores\/pos-modernization\/pos-payment-systems\/adyen-integration-solutions\/#primaryimage\"},\"thumbnailUrl\":\"https:\/\/www.skillnetinc.com\/wp-content\/uploads\/2024\/04\/JNI-to-OPI.webp\",\"datePublished\":\"2024-04-12T06:18:59+00:00\",\"dateModified\":\"2024-05-16T08:24:12+00:00\",\"description\":\"Optimize your retail payment experience with Adyen Integration Solutions. Our expertise in POS modernization ensures a seamless, secure, & compliant payment process\",\"breadcrumb\":{\"@id\":\"https:\/\/www.skillnetinc.com\/services\/omnichannel-and-stores\/pos-modernization\/pos-payment-systems\/adyen-integration-solutions\/#breadcrumb\"},\"inLanguage\":\"pt-BR\",\"potentialAction\":[{\"@type\":\"ReadAction\",\"target\":[\"https:\/\/www.skillnetinc.com\/services\/omnichannel-and-stores\/pos-modernization\/pos-payment-systems\/adyen-integration-solutions\/\"]}]},{\"@type\":\"ImageObject\",\"inLanguage\":\"pt-BR\",\"@id\":\"https:\/\/www.skillnetinc.com\/services\/omnichannel-and-stores\/pos-modernization\/pos-payment-systems\/adyen-integration-solutions\/#primaryimage\",\"url\":\"https:\/\/www.skillnetinc.com\/wp-content\/uploads\/2024\/04\/JNI-to-OPI.webp\",\"contentUrl\":\"https:\/\/www.skillnetinc.com\/wp-content\/uploads\/2024\/04\/JNI-to-OPI.webp\"},{\"@type\":\"BreadcrumbList\",\"@id\":\"https:\/\/www.skillnetinc.com\/services\/omnichannel-and-stores\/pos-modernization\/pos-payment-systems\/adyen-integration-solutions\/#breadcrumb\",\"itemListElement\":[{\"@type\":\"ListItem\",\"position\":1,\"name\":\"Services\",\"item\":\"https:\/\/www.skillnetinc.com\/services\/\"},{\"@type\":\"ListItem\",\"position\":2,\"name\":\"Omnichannel and Stores\",\"item\":\"https:\/\/www.skillnetinc.com\/services\/omnichannel-and-stores\/\"},{\"@type\":\"ListItem\",\"position\":3,\"name\":\"POS Modernization\",\"item\":\"https:\/\/www.skillnetinc.com\/services\/omnichannel-and-stores\/pos-modernization\/\"},{\"@type\":\"ListItem\",\"position\":4,\"name\":\"POS payment systems\",\"item\":\"https:\/\/www.skillnetinc.com\/services\/omnichannel-and-stores\/pos-modernization\/pos-payment-systems\/\"},{\"@type\":\"ListItem\",\"position\":5,\"name\":\"Adyen Integration Solutions\"}]},{\"@type\":\"WebSite\",\"@id\":\"https:\/\/www.skillnetinc.com\/#website\",\"url\":\"https:\/\/www.skillnetinc.com\/\",\"name\":\"SkillNet Solutions\",\"description\":\"Digital Transformation Consulting for enterprises\",\"publisher\":{\"@id\":\"https:\/\/www.skillnetinc.com\/#organization\"},\"potentialAction\":[{\"@type\":\"SearchAction\",\"target\":{\"@type\":\"EntryPoint\",\"urlTemplate\":\"https:\/\/www.skillnetinc.com\/?s={search_term_string}\"},\"query-input\":{\"@type\":\"PropertyValueSpecification\",\"valueRequired\":true,\"valueName\":\"search_term_string\"}}],\"inLanguage\":\"pt-BR\"},{\"@type\":\"Organization\",\"@id\":\"https:\/\/www.skillnetinc.com\/#organization\",\"name\":\"SkillNet Solutions\",\"url\":\"https:\/\/www.skillnetinc.com\/\",\"logo\":{\"@type\":\"ImageObject\",\"inLanguage\":\"pt-BR\",\"@id\":\"https:\/\/www.skillnetinc.com\/#\/schema\/logo\/image\/\",\"url\":\"https:\/\/www.skillnetinc.com\/wp-content\/uploads\/2022\/09\/SkillNet_Logo-Black.png\",\"contentUrl\":\"https:\/\/www.skillnetinc.com\/wp-content\/uploads\/2022\/09\/SkillNet_Logo-Black.png\",\"width\":184,\"height\":48,\"caption\":\"SkillNet Solutions\"},\"image\":{\"@id\":\"https:\/\/www.skillnetinc.com\/#\/schema\/logo\/image\/\"}}]}<\/script>\n<!-- \/ Yoast SEO plugin. -->","yoast_head_json":{"title":"Seamless Adyen Payment Integration: Elevate Your POS System","description":"Optimize your retail payment experience with Adyen Integration Solutions. Our expertise in POS modernization ensures a seamless, secure, & compliant payment process","robots":{"index":"index","follow":"follow","max-snippet":"max-snippet:-1","max-image-preview":"max-image-preview:large","max-video-preview":"max-video-preview:-1"},"canonical":"https:\/\/www.skillnetinc.com\/pt\/services\/omnichannel-and-stores\/pos-modernization\/pos-payment-systems\/adyen-integration-solutions\/","og_locale":"pt_BR","og_type":"article","og_title":"Seamless Adyen Payment Integration: Elevate Your POS System","og_description":"Optimize your retail payment experience with Adyen Integration Solutions. Our expertise in POS modernization ensures a seamless, secure, & compliant payment process","og_url":"https:\/\/www.skillnetinc.com\/pt\/services\/omnichannel-and-stores\/pos-modernization\/pos-payment-systems\/adyen-integration-solutions\/","og_site_name":"SkillNet Solutions","article_modified_time":"2024-05-16T08:24:12+00:00","og_image":[{"url":"https:\/\/www.skillnetinc.com\/wp-content\/uploads\/2024\/04\/JNI-to-OPI.webp","type":"","width":"","height":""}],"twitter_card":"summary_large_image","twitter_misc":{"Est. tempo de leitura":"2 minutos"},"schema":{"@context":"https:\/\/schema.org","@graph":[{"@type":"WebPage","@id":"https:\/\/www.skillnetinc.com\/services\/omnichannel-and-stores\/pos-modernization\/pos-payment-systems\/adyen-integration-solutions\/","url":"https:\/\/www.skillnetinc.com\/services\/omnichannel-and-stores\/pos-modernization\/pos-payment-systems\/adyen-integration-solutions\/","name":"Seamless Adyen Payment Integration: Elevate Your POS System","isPartOf":{"@id":"https:\/\/www.skillnetinc.com\/#website"},"primaryImageOfPage":{"@id":"https:\/\/www.skillnetinc.com\/services\/omnichannel-and-stores\/pos-modernization\/pos-payment-systems\/adyen-integration-solutions\/#primaryimage"},"image":{"@id":"https:\/\/www.skillnetinc.com\/services\/omnichannel-and-stores\/pos-modernization\/pos-payment-systems\/adyen-integration-solutions\/#primaryimage"},"thumbnailUrl":"https:\/\/www.skillnetinc.com\/wp-content\/uploads\/2024\/04\/JNI-to-OPI.webp","datePublished":"2024-04-12T06:18:59+00:00","dateModified":"2024-05-16T08:24:12+00:00","description":"Optimize your retail payment experience with Adyen Integration Solutions. Our expertise in POS modernization ensures a seamless, secure, & compliant payment process","breadcrumb":{"@id":"https:\/\/www.skillnetinc.com\/services\/omnichannel-and-stores\/pos-modernization\/pos-payment-systems\/adyen-integration-solutions\/#breadcrumb"},"inLanguage":"pt-BR","potentialAction":[{"@type":"ReadAction","target":["https:\/\/www.skillnetinc.com\/services\/omnichannel-and-stores\/pos-modernization\/pos-payment-systems\/adyen-integration-solutions\/"]}]},{"@type":"ImageObject","inLanguage":"pt-BR","@id":"https:\/\/www.skillnetinc.com\/services\/omnichannel-and-stores\/pos-modernization\/pos-payment-systems\/adyen-integration-solutions\/#primaryimage","url":"https:\/\/www.skillnetinc.com\/wp-content\/uploads\/2024\/04\/JNI-to-OPI.webp","contentUrl":"https:\/\/www.skillnetinc.com\/wp-content\/uploads\/2024\/04\/JNI-to-OPI.webp"},{"@type":"BreadcrumbList","@id":"https:\/\/www.skillnetinc.com\/services\/omnichannel-and-stores\/pos-modernization\/pos-payment-systems\/adyen-integration-solutions\/#breadcrumb","itemListElement":[{"@type":"ListItem","position":1,"name":"Services","item":"https:\/\/www.skillnetinc.com\/services\/"},{"@type":"ListItem","position":2,"name":"Omnichannel and Stores","item":"https:\/\/www.skillnetinc.com\/services\/omnichannel-and-stores\/"},{"@type":"ListItem","position":3,"name":"POS Modernization","item":"https:\/\/www.skillnetinc.com\/services\/omnichannel-and-stores\/pos-modernization\/"},{"@type":"ListItem","position":4,"name":"POS payment systems","item":"https:\/\/www.skillnetinc.com\/services\/omnichannel-and-stores\/pos-modernization\/pos-payment-systems\/"},{"@type":"ListItem","position":5,"name":"Adyen Integration Solutions"}]},{"@type":"WebSite","@id":"https:\/\/www.skillnetinc.com\/#website","url":"https:\/\/www.skillnetinc.com\/","name":"SkillNet Solutions","description":"Digital Transformation Consulting for enterprises","publisher":{"@id":"https:\/\/www.skillnetinc.com\/#organization"},"potentialAction":[{"@type":"SearchAction","target":{"@type":"EntryPoint","urlTemplate":"https:\/\/www.skillnetinc.com\/?s={search_term_string}"},"query-input":{"@type":"PropertyValueSpecification","valueRequired":true,"valueName":"search_term_string"}}],"inLanguage":"pt-BR"},{"@type":"Organization","@id":"https:\/\/www.skillnetinc.com\/#organization","name":"SkillNet Solutions","url":"https:\/\/www.skillnetinc.com\/","logo":{"@type":"ImageObject","inLanguage":"pt-BR","@id":"https:\/\/www.skillnetinc.com\/#\/schema\/logo\/image\/","url":"https:\/\/www.skillnetinc.com\/wp-content\/uploads\/2022\/09\/SkillNet_Logo-Black.png","contentUrl":"https:\/\/www.skillnetinc.com\/wp-content\/uploads\/2022\/09\/SkillNet_Logo-Black.png","width":184,"height":48,"caption":"SkillNet Solutions"},"image":{"@id":"https:\/\/www.skillnetinc.com\/#\/schema\/logo\/image\/"}}]}},"_links":{"self":[{"href":"https:\/\/www.skillnetinc.com\/pt\/wp-json\/wp\/v2\/pages\/10088","targetHints":{"allow":["GET"]}}],"collection":[{"href":"https:\/\/www.skillnetinc.com\/pt\/wp-json\/wp\/v2\/pages"}],"about":[{"href":"https:\/\/www.skillnetinc.com\/pt\/wp-json\/wp\/v2\/types\/page"}],"author":[{"embeddable":true,"href":"https:\/\/www.skillnetinc.com\/pt\/wp-json\/wp\/v2\/users\/15"}],"replies":[{"embeddable":true,"href":"https:\/\/www.skillnetinc.com\/pt\/wp-json\/wp\/v2\/comments?post=10088"}],"version-history":[{"count":5,"href":"https:\/\/www.skillnetinc.com\/pt\/wp-json\/wp\/v2\/pages\/10088\/revisions"}],"predecessor-version":[{"id":10321,"href":"https:\/\/www.skillnetinc.com\/pt\/wp-json\/wp\/v2\/pages\/10088\/revisions\/10321"}],"up":[{"embeddable":true,"href":"https:\/\/www.skillnetinc.com\/pt\/wp-json\/wp\/v2\/pages\/8938"}],"wp:attachment":[{"href":"https:\/\/www.skillnetinc.com\/pt\/wp-json\/wp\/v2\/media?parent=10088"}],"curies":[{"name":"wp","href":"https:\/\/api.w.org\/{rel}","templated":true}]}}