{"id":1763,"date":"2022-12-26T14:22:06","date_gmt":"2022-12-26T14:22:06","guid":{"rendered":"https:\/\/www.skillnetinc.com\/?page_id=1763"},"modified":"2023-02-15T17:41:06","modified_gmt":"2023-02-15T17:41:06","slug":"thank-you","status":"publish","type":"page","link":"https:\/\/www.skillnetinc.com\/es\/thank-you\/","title":{"rendered":"Thank you"},"content":{"rendered":"<main class=\"wp-block-group is-layout-flow wp-block-group-is-layout-flow\">\n<div class=\"wp-block-group is-layout-constrained wp-container-core-group-is-layout-483b08fd wp-block-group-is-layout-constrained\" style=\"padding-top:10vh;padding-right:0px;padding-bottom:15vh;padding-left:0px\">\n<figure class=\"wp-block-image aligncenter size-full is-resized thankyou\"><img loading=\"lazy\" decoding=\"async\" src=\"https:\/\/www.skillnetinc.com\/wp-content\/uploads\/2022\/12\/check-logo.png\" alt=\"\" class=\"wp-image-1764\" width=\"62\" height=\"57\" srcset=\"https:\/\/www.skillnetinc.com\/wp-content\/uploads\/2022\/12\/check-logo.png 124w, https:\/\/www.skillnetinc.com\/wp-content\/uploads\/2022\/12\/check-logo-13x12.png 13w\" sizes=\"(max-width: 62px) 100vw, 62px\" \/><\/figure>\n\n\n\n<h2 class=\"has-text-align-center has-fontcolor-color has-text-color wp-block-heading\" style=\"font-size:3.5rem;font-style:normal;font-weight:900\">Thank you<\/h2>\n\n\n\n<hr class=\"wp-block-separator has-alpha-channel-opacity\"\/>\n\n\n\n<p class=\"has-text-align-center\" style=\"margin-top:30px;margin-right:0px;margin-bottom:0px;margin-left:0px\">We appreciate you taking the time to write to us. We will get back to you shortly.<\/p>\n\n\n\n<div class=\"wp-block-group is-content-justification-center is-nowrap is-layout-flex wp-container-core-group-is-layout-23441af8 wp-block-group-is-layout-flex\">\n<div class=\"wp-block-buttons page404link is-content-justification-center is-layout-flex wp-container-core-buttons-is-layout-a89b3969 wp-block-buttons-is-layout-flex\">\n<div class=\"wp-block-button has-custom-font-size semibold page404linkin has-small-font-size\"><a class=\"wp-block-button__link wp-element-button\" href=\"https:\/\/www.skillnetinc.com\/es\/\" style=\"border-radius:10px;padding-top:0.5rem;padding-right:2rem;padding-bottom:0.5rem;padding-left:2rem\">Casa<\/a><\/div>\n\n\n\n<div class=\"wp-block-button has-custom-font-size semibold page404linkin has-small-font-size\"><a class=\"wp-block-button__link wp-element-button\" href=\"https:\/\/www.skillnetinc.com\/es\/services\/\" style=\"border-radius:10px;padding-top:0.5rem;padding-right:2rem;padding-bottom:0.5rem;padding-left:2rem\">Nuestros Servicios<\/a><\/div>\n\n\n\n<div class=\"wp-block-button has-custom-font-size semibold page404linkin has-small-font-size\"><a class=\"wp-block-button__link wp-element-button\" href=\"https:\/\/www.skillnetinc.com\/es\/resources\/\" style=\"border-radius:10px;padding-top:0.5rem;padding-right:2rem;padding-bottom:0.5rem;padding-left:2rem\">Our Resource<\/a><\/div>\n<\/div>\n<\/div>\n<\/div>\n<\/main>\n\n\n\n<div class=\"wp-block-group alignfull has-backgray-background-color has-background is-layout-flow wp-block-group-is-layout-flow\" id=\"talk-to-expert\" style=\"margin-top:0px;margin-bottom:0px;padding-top:5%;padding-right:10%;padding-bottom:5%;padding-left:10%\">\n<div class=\"wp-block-columns are-vertically-aligned-center is-layout-flex wp-container-core-columns-is-layout-28f84493 wp-block-columns-is-layout-flex\">\n<div class=\"wp-block-column is-vertically-aligned-center wow fadeInUp is-layout-flow wp-block-column-is-layout-flow\">\n<h4 class=\"wp-block-heading has-fontcolor-color has-text-color\" style=\"margin-top:0px;margin-right:0px;margin-bottom:0px;margin-left:0px;font-size:1.9rem;font-style:normal;font-weight:600;text-transform:capitalize\">P\u00f3ngase En Contacto Con Nosotros<\/h4>\n\n\n\n<div class=\"wp-block-group is-content-justification-left is-layout-constrained wp-container-core-group-is-layout-655a607c wp-block-group-is-layout-constrained\">\n<p class=\"gtstext has-fontcolor-color has-text-color has-small-font-size\">SkillNet Solutions, Makers of Modern Commerce, brinda servicios de consultor\u00eda y tecnolog\u00eda a empresas que se est\u00e1n transformando digitalmente en empresas comerciales modernas.<\/p>\n<\/div>\n<\/div>\n\n\n\n<div class=\"wp-block-column is-vertically-aligned-center wow fadeInUp is-layout-flow wp-block-column-is-layout-flow\"><div class=\"contact-in\" id=\"applynow\"><form action=\"https:\/\/www.skillnetinc.com\/wp-content\/themes\/skillnet\/mail\/get-in-touch.php\" id=\"gtw\" method=\"post\" data-trp-original-action=\"https:\/\/www.skillnetinc.com\/wp-content\/themes\/skillnet\/mail\/get-in-touch.php\"><input name=\"cthank\" type=\"hidden\" value=\"\" \/><input name=\"firstname\" id=\"fname\" placeholder=\"Nombre de Pila*\"  required onkeypress=\"return 64<event.charCode&#038;&#038;event.charCode<91||96<event.charCode&#038;&#038;event.charCode<123\"> <input name=\"lastname\" id=\"lname\" placeholder=\"Apellido*\" required onkeypress=\"return 64<event.charCode&#038;&#038;event.charCode<91||96<event.charCode&#038;&#038;event.charCode<123\"><select name=\"jobtitle\" id=\"fjob\" style=\"width: 100%;    border-right: none;\">\n     <option value=\"\">Job title<\/option>\n    <option value=\"CEO\">CEO<\/option>\n    <option value=\"CFO\">CFO<\/option>\n    <option value=\"CIO\">CIO<\/option>\n    <option value=\"CMO\">CMO<\/option>\n    <option value=\"COO\">COO<\/option>\n    <option value=\"CTO\">CTO<\/option>\n    <option value=\"Executive leadership (EVP, SVP, VP, AVP)\">Executive leadership (EVP, SVP, VP, AVP)<\/option>\n    <option value=\"Digital Director\">Digital Director<\/option>\n    <option value=\"Technology Director\">Technology Director<\/option>\n    <option value=\"Technology Personnel\">Technology Personnel<\/option>\n    <option value=\"Project Manager\">Project Manager<\/option>\n    <option value=\"Purchasing\">Purchasing<\/option>\n    <option value=\"Sales Director \/ Manager\">Sales Director \/ Manager <\/option>\n<option value=\"Partner Director \/ Manager\">Partner Director \/ Manager<\/option>\n<option value=\"Marketing Director\">Marketing Director \/ Manager<\/option>\n<option value=\"Others\">Others<\/option>\n<\/select><input name=\"email\" id=\"femail\" placeholder=\"Email de Negocios*\" required pattern=\"[a-zA-Z0-9._%+-]+@[a-zA-Z0-9.-]+\\.[a-z]{2,4}$\"> <select class=\"countryCode\" id=\"countryCode1\" name=\"countrycode\"><option data-countrycode=\"US\" value=\"1\">USA (+1)<\/option><\/select><input name=\"phone\" id=\"getinphone\" placeholder=\"Phone\" > <textarea id=\"fmessage\" name=\"message\" placeholder=\"Message\"><\/textarea>  <p style=\"font-size: 1rem;\">By submitting this form I give my consent to SkillNet to use my personal information to send me communications regarding their services, events, trainings, reports and products. For more details, please read our <a href=\"https:\/\/www.skillnetinc.com\/es\/privacy-policy\/\">Privacy Policy.<\/a><\/p><input name=\"g-recaptcha-response\" id=\"g-recaptcha-response\" class=\"gc\" type=\"hidden\" value=\"\"> <input id=\"sub\" class=\"sembold\" type=\"submit\" value=\"Enviar Mensaje\"> <input name=\"hubspotutk\" value=\"\" type=\"hidden\"> <input name=\"pagetitle\" value=\"Thank you\" type=\"hidden\"> <input name=\"dummy\" value=\"\" style=\"display:none\"><input type=\"hidden\" name=\"trp-form-language\" value=\"es\"\/><\/form><\/div>\n\n\n<\/div>\n<\/div>\n<\/div>","protected":false},"excerpt":{"rendered":"<p>Thank you We appreciate you taking the time to write [&hellip;]<\/p>","protected":false},"author":1,"featured_media":0,"parent":0,"menu_order":0,"comment_status":"closed","ping_status":"closed","template":"","meta":{"_acf_changed":false,"footnotes":""},"class_list":["post-1763","page","type-page","status-publish","hentry"],"acf":[],"yoast_head":"<!-- This site is optimized with the Yoast SEO plugin v26.4 - https:\/\/yoast.com\/wordpress\/plugins\/seo\/ -->\n<title>Thank you - SkillNet Solutions<\/title>\n<meta name=\"description\" content=\"Thank you for contacting us, your Digital transformation partners for digital commerce and store solutions\" \/>\n<meta name=\"robots\" content=\"index, follow, max-snippet:-1, max-image-preview:large, max-video-preview:-1\" \/>\n<link rel=\"canonical\" href=\"https:\/\/www.skillnetinc.com\/es\/thank-you\/\" \/>\n<meta property=\"og:locale\" content=\"es_MX\" \/>\n<meta property=\"og:type\" content=\"article\" \/>\n<meta property=\"og:title\" content=\"Thank you - SkillNet Solutions\" \/>\n<meta property=\"og:description\" content=\"Thank you for contacting us, your Digital transformation partners for digital commerce and store solutions\" \/>\n<meta property=\"og:url\" content=\"https:\/\/www.skillnetinc.com\/es\/thank-you\/\" \/>\n<meta property=\"og:site_name\" content=\"SkillNet Solutions\" \/>\n<meta property=\"article:modified_time\" content=\"2023-02-15T17:41:06+00:00\" \/>\n<meta property=\"og:image\" content=\"https:\/\/www.skillnetinc.com\/wp-content\/uploads\/2022\/12\/check-logo.png\" \/>\n<meta name=\"twitter:card\" content=\"summary_large_image\" \/>\n<meta name=\"twitter:label1\" content=\"Tiempo de lectura\" \/>\n\t<meta name=\"twitter:data1\" content=\"1 minuto\" \/>\n<script type=\"application\/ld+json\" class=\"yoast-schema-graph\">{\"@context\":\"https:\/\/schema.org\",\"@graph\":[{\"@type\":\"WebPage\",\"@id\":\"https:\/\/www.skillnetinc.com\/thank-you\/\",\"url\":\"https:\/\/www.skillnetinc.com\/thank-you\/\",\"name\":\"Thank you - SkillNet Solutions\",\"isPartOf\":{\"@id\":\"https:\/\/www.skillnetinc.com\/#website\"},\"primaryImageOfPage\":{\"@id\":\"https:\/\/www.skillnetinc.com\/thank-you\/#primaryimage\"},\"image\":{\"@id\":\"https:\/\/www.skillnetinc.com\/thank-you\/#primaryimage\"},\"thumbnailUrl\":\"https:\/\/www.skillnetinc.com\/wp-content\/uploads\/2022\/12\/check-logo.png\",\"datePublished\":\"2022-12-26T14:22:06+00:00\",\"dateModified\":\"2023-02-15T17:41:06+00:00\",\"description\":\"Thank you for contacting us, your Digital transformation partners for digital commerce and store solutions\",\"inLanguage\":\"es\",\"potentialAction\":[{\"@type\":\"ReadAction\",\"target\":[\"https:\/\/www.skillnetinc.com\/thank-you\/\"]}]},{\"@type\":\"ImageObject\",\"inLanguage\":\"es\",\"@id\":\"https:\/\/www.skillnetinc.com\/thank-you\/#primaryimage\",\"url\":\"https:\/\/www.skillnetinc.com\/wp-content\/uploads\/2022\/12\/check-logo.png\",\"contentUrl\":\"https:\/\/www.skillnetinc.com\/wp-content\/uploads\/2022\/12\/check-logo.png\"},{\"@type\":\"WebSite\",\"@id\":\"https:\/\/www.skillnetinc.com\/#website\",\"url\":\"https:\/\/www.skillnetinc.com\/\",\"name\":\"SkillNet Solutions\",\"description\":\"Digital Transformation Consulting for enterprises\",\"publisher\":{\"@id\":\"https:\/\/www.skillnetinc.com\/#organization\"},\"potentialAction\":[{\"@type\":\"SearchAction\",\"target\":{\"@type\":\"EntryPoint\",\"urlTemplate\":\"https:\/\/www.skillnetinc.com\/?s={search_term_string}\"},\"query-input\":{\"@type\":\"PropertyValueSpecification\",\"valueRequired\":true,\"valueName\":\"search_term_string\"}}],\"inLanguage\":\"es\"},{\"@type\":\"Organization\",\"@id\":\"https:\/\/www.skillnetinc.com\/#organization\",\"name\":\"SkillNet Solutions\",\"url\":\"https:\/\/www.skillnetinc.com\/\",\"logo\":{\"@type\":\"ImageObject\",\"inLanguage\":\"es\",\"@id\":\"https:\/\/www.skillnetinc.com\/#\/schema\/logo\/image\/\",\"url\":\"https:\/\/www.skillnetinc.com\/wp-content\/uploads\/2022\/09\/SkillNet_Logo-Black.png\",\"contentUrl\":\"https:\/\/www.skillnetinc.com\/wp-content\/uploads\/2022\/09\/SkillNet_Logo-Black.png\",\"width\":184,\"height\":48,\"caption\":\"SkillNet Solutions\"},\"image\":{\"@id\":\"https:\/\/www.skillnetinc.com\/#\/schema\/logo\/image\/\"}}]}<\/script>\n<!-- \/ Yoast SEO plugin. -->","yoast_head_json":{"title":"Thank you - SkillNet Solutions","description":"Thank you for contacting us, your Digital transformation partners for digital commerce and store solutions","robots":{"index":"index","follow":"follow","max-snippet":"max-snippet:-1","max-image-preview":"max-image-preview:large","max-video-preview":"max-video-preview:-1"},"canonical":"https:\/\/www.skillnetinc.com\/es\/thank-you\/","og_locale":"es_MX","og_type":"article","og_title":"Thank you - SkillNet Solutions","og_description":"Thank you for contacting us, your Digital transformation partners for digital commerce and store solutions","og_url":"https:\/\/www.skillnetinc.com\/es\/thank-you\/","og_site_name":"SkillNet Solutions","article_modified_time":"2023-02-15T17:41:06+00:00","og_image":[{"url":"https:\/\/www.skillnetinc.com\/wp-content\/uploads\/2022\/12\/check-logo.png","type":"","width":"","height":""}],"twitter_card":"summary_large_image","twitter_misc":{"Tiempo de lectura":"1 minuto"},"schema":{"@context":"https:\/\/schema.org","@graph":[{"@type":"WebPage","@id":"https:\/\/www.skillnetinc.com\/thank-you\/","url":"https:\/\/www.skillnetinc.com\/thank-you\/","name":"Thank you - SkillNet Solutions","isPartOf":{"@id":"https:\/\/www.skillnetinc.com\/#website"},"primaryImageOfPage":{"@id":"https:\/\/www.skillnetinc.com\/thank-you\/#primaryimage"},"image":{"@id":"https:\/\/www.skillnetinc.com\/thank-you\/#primaryimage"},"thumbnailUrl":"https:\/\/www.skillnetinc.com\/wp-content\/uploads\/2022\/12\/check-logo.png","datePublished":"2022-12-26T14:22:06+00:00","dateModified":"2023-02-15T17:41:06+00:00","description":"Thank you for contacting us, your Digital transformation partners for digital commerce and store solutions","inLanguage":"es","potentialAction":[{"@type":"ReadAction","target":["https:\/\/www.skillnetinc.com\/thank-you\/"]}]},{"@type":"ImageObject","inLanguage":"es","@id":"https:\/\/www.skillnetinc.com\/thank-you\/#primaryimage","url":"https:\/\/www.skillnetinc.com\/wp-content\/uploads\/2022\/12\/check-logo.png","contentUrl":"https:\/\/www.skillnetinc.com\/wp-content\/uploads\/2022\/12\/check-logo.png"},{"@type":"WebSite","@id":"https:\/\/www.skillnetinc.com\/#website","url":"https:\/\/www.skillnetinc.com\/","name":"SkillNet Solutions","description":"Digital Transformation Consulting for enterprises","publisher":{"@id":"https:\/\/www.skillnetinc.com\/#organization"},"potentialAction":[{"@type":"SearchAction","target":{"@type":"EntryPoint","urlTemplate":"https:\/\/www.skillnetinc.com\/?s={search_term_string}"},"query-input":{"@type":"PropertyValueSpecification","valueRequired":true,"valueName":"search_term_string"}}],"inLanguage":"es"},{"@type":"Organization","@id":"https:\/\/www.skillnetinc.com\/#organization","name":"SkillNet Solutions","url":"https:\/\/www.skillnetinc.com\/","logo":{"@type":"ImageObject","inLanguage":"es","@id":"https:\/\/www.skillnetinc.com\/#\/schema\/logo\/image\/","url":"https:\/\/www.skillnetinc.com\/wp-content\/uploads\/2022\/09\/SkillNet_Logo-Black.png","contentUrl":"https:\/\/www.skillnetinc.com\/wp-content\/uploads\/2022\/09\/SkillNet_Logo-Black.png","width":184,"height":48,"caption":"SkillNet Solutions"},"image":{"@id":"https:\/\/www.skillnetinc.com\/#\/schema\/logo\/image\/"}}]}},"_links":{"self":[{"href":"https:\/\/www.skillnetinc.com\/es\/wp-json\/wp\/v2\/pages\/1763","targetHints":{"allow":["GET"]}}],"collection":[{"href":"https:\/\/www.skillnetinc.com\/es\/wp-json\/wp\/v2\/pages"}],"about":[{"href":"https:\/\/www.skillnetinc.com\/es\/wp-json\/wp\/v2\/types\/page"}],"author":[{"embeddable":true,"href":"https:\/\/www.skillnetinc.com\/es\/wp-json\/wp\/v2\/users\/1"}],"replies":[{"embeddable":true,"href":"https:\/\/www.skillnetinc.com\/es\/wp-json\/wp\/v2\/comments?post=1763"}],"version-history":[{"count":0,"href":"https:\/\/www.skillnetinc.com\/es\/wp-json\/wp\/v2\/pages\/1763\/revisions"}],"wp:attachment":[{"href":"https:\/\/www.skillnetinc.com\/es\/wp-json\/wp\/v2\/media?parent=1763"}],"curies":[{"name":"wp","href":"https:\/\/api.w.org\/{rel}","templated":true}]}}